{"id":81,"date":"2025-09-29T19:40:10","date_gmt":"2025-09-29T19:40:10","guid":{"rendered":"https:\/\/panaderialoscabos.com\/?page_id=81"},"modified":"2025-09-29T23:10:48","modified_gmt":"2025-09-29T23:10:48","slug":"contacto-copy","status":"publish","type":"page","link":"https:\/\/panaderialoscabos.com\/index.php\/contacto-copy\/","title":{"rendered":"SOBRE NOSOTROS"},"content":{"rendered":"\t\t<div data-elementor-type=\"wp-page\" data-elementor-id=\"81\" class=\"elementor elementor-81\" data-elementor-post-type=\"page\">\n\t\t\t\t<div class=\"elementor-element elementor-element-7fb0062 e-con-full e-flex e-con e-parent\" data-id=\"7fb0062\" data-element_type=\"container\">\n\t\t<div class=\"elementor-element elementor-element-bf737e1 e-con-full e-flex e-con e-child\" data-id=\"bf737e1\" data-element_type=\"container\">\n\t\t\t\t<div class=\"elementor-element elementor-element-6d3405a elementor-widget elementor-widget-image\" data-id=\"6d3405a\" data-element_type=\"widget\" data-widget_type=\"image.default\">\n\t\t\t\t\t\t\t\t\t\t\t\t\t\t\t<img fetchpriority=\"high\" decoding=\"async\" width=\"651\" height=\"680\" src=\"https:\/\/panaderialoscabos.com\/wp-content\/uploads\/2025\/09\/IMG_20180820_141107_176.avif\" class=\"attachment-large size-large wp-image-106\" alt=\"\" srcset=\"https:\/\/panaderialoscabos.com\/wp-content\/uploads\/2025\/09\/IMG_20180820_141107_176.avif 651w, https:\/\/panaderialoscabos.com\/wp-content\/uploads\/2025\/09\/IMG_20180820_141107_176-287x300.avif 287w\" sizes=\"(max-width: 651px) 100vw, 651px\" \/>\t\t\t\t\t\t\t\t\t\t\t\t\t\t\t<\/div>\n\t\t\t\t<div class=\"elementor-element elementor-element-6978b46 elementor-widget elementor-widget-image\" data-id=\"6978b46\" data-element_type=\"widget\" data-widget_type=\"image.default\">\n\t\t\t\t\t\t\t\t\t\t\t\t\t\t\t<img decoding=\"async\" width=\"242\" height=\"242\" src=\"https:\/\/panaderialoscabos.com\/wp-content\/uploads\/2025\/09\/blanco.avif\" class=\"attachment-large size-large wp-image-50\" alt=\"\" srcset=\"https:\/\/panaderialoscabos.com\/wp-content\/uploads\/2025\/09\/blanco.avif 242w, https:\/\/panaderialoscabos.com\/wp-content\/uploads\/2025\/09\/blanco-150x150.avif 150w\" sizes=\"(max-width: 242px) 100vw, 242px\" \/>\t\t\t\t\t\t\t\t\t\t\t\t\t\t\t<\/div>\n\t\t\t\t<\/div>\n\t\t<div class=\"elementor-element elementor-element-299ca7d e-con-full e-flex e-con e-child\" data-id=\"299ca7d\" data-element_type=\"container\">\n\t\t\t\t<div class=\"elementor-element elementor-element-d81de5b elementor-widget__width-initial elementor-widget elementor-widget-text-editor\" data-id=\"d81de5b\" data-element_type=\"widget\" data-widget_type=\"text-editor.default\">\n\t\t\t\t\t\t\t\t\t<h2 class=\"wp-block-heading\">Sobre Nuestra Panader\u00eda<\/h2>\n<p>En 1979 en la localidad praviana de los Cabos, nace nuestra empresa.<\/p>\n<p>\u200bPese a empezar como una sociedad en la actualidad es una empresa privada dirigida por tres hermanos, Tamari, Hugo y Juan Luis , hijos de uno de los fundadores (Juan Luis Garc\u00eda Gonz\u00e1lez) siguiendo los pasos de su padre.<\/p>\n<p>\u200bContamos con obrador propio, situado en los Cabos (Viciella S\/N) dese donde distribuimos nuestros productos diariamente a todos nuestros clientes, abarcando todos los concejos colindantes: Cudillero, Soto del Barco, Candamo, Salas, Muros de Nal\u00f3n, y Grado.<br \/><br \/>Para ello contamos con una flota de 7 furgonetas y un peque\u00f1o despacho situado en Pravia (Calle San Antonio n 11)<\/p>\t\t\t\t\t\t\t\t<\/div>\n\t\t\t\t<\/div>\n\t\t\t\t<\/div>\n\t\t<div class=\"elementor-element elementor-element-c17ada8 e-flex e-con-boxed e-con e-parent\" data-id=\"c17ada8\" data-element_type=\"container\">\n\t\t\t\t\t<div class=\"e-con-inner\">\n\t\t<div class=\"elementor-element elementor-element-4b7f061 e-con-full e-flex e-con e-child\" data-id=\"4b7f061\" data-element_type=\"container\">\n\t\t\t\t<div class=\"elementor-element elementor-element-773eb3d elementor-widget elementor-widget-text-editor\" data-id=\"773eb3d\" data-element_type=\"widget\" data-widget_type=\"text-editor.default\">\n\t\t\t\t\t\t\t\t\t<div id=\"comp-iknol1oe\" class=\"comp-iknol1oe SPY_vo\">\n<div class=\"\" data-mesh-id=\"comp-iknol1oeinlineContent\" data-testid=\"inline-content\">\n<div data-mesh-id=\"comp-iknol1oeinlineContent-gridContainer\" data-testid=\"mesh-container-content\">\n<div id=\"comp-iknokuy3\" class=\"Z_l5lU MMl86N zQ9jDz qvSjx3 Vq6kJx comp-iknokuy3 wixui-rich-text\" data-testid=\"richTextElement\">\n<h2 class=\"wp-block-heading\">Sobre Nuestros Productos<\/h2>\n<\/div>\n<\/div>\n<\/div>\n<\/div>\n<div id=\"comp-iknom4kc\" class=\"Z_l5lU MMl86N zQ9jDz qvSjx3 Vq6kJx comp-iknom4kc wixui-rich-text\" data-testid=\"richTextElement\">\n<p class=\"font_8 wixui-rich-text__text\">Elaboramos varias clases de pan: trigo, centeno, ma\u00edz, y pan dulce, entre otros.<\/p>\n<p class=\"font_8 wixui-rich-text__text\">Cabe destacar nuestros\u00a0<span class=\"wixui-rich-text__text\">bollos pre\u00f1ados<\/span>\u00a0y\u00a0<span class=\"wixui-rich-text__text\">barras pre\u00f1adas<\/span>\u00a0(chorizo, bac\u00f3n y huevo) y nuestras empanadas de varios tipos.<\/p>\n<p class=\"font_8 wixui-rich-text__text\"><span class=\"wixGuard wixui-rich-text__text\">\u200b<\/span>Tambi\u00e9n disponemos de una peque\u00f1a variedad de boller\u00eda\/reposter\u00eda entre la que destaca nuestro<span class=\"wixui-rich-text__text\">\u00a0tronco de almendras<\/span><\/p>\n<\/div>\t\t\t\t\t\t\t\t<\/div>\n\t\t\t\t<\/div>\n\t\t\t\t<div class=\"elementor-element elementor-element-e35fbdc elementor-widget elementor-widget-image\" data-id=\"e35fbdc\" data-element_type=\"widget\" data-widget_type=\"image.default\">\n\t\t\t\t\t\t\t\t\t\t\t\t\t\t\t<img decoding=\"async\" width=\"487\" height=\"638\" src=\"https:\/\/panaderialoscabos.com\/wp-content\/uploads\/2025\/09\/FB_IMG_1533669000630.avif\" class=\"attachment-large size-large wp-image-107\" alt=\"\" srcset=\"https:\/\/panaderialoscabos.com\/wp-content\/uploads\/2025\/09\/FB_IMG_1533669000630.avif 487w, https:\/\/panaderialoscabos.com\/wp-content\/uploads\/2025\/09\/FB_IMG_1533669000630-229x300.avif 229w\" sizes=\"(max-width: 487px) 100vw, 487px\" \/>\t\t\t\t\t\t\t\t\t\t\t\t\t\t\t<\/div>\n\t\t\t\t\t<\/div>\n\t\t\t\t<\/div>\n\t\t<div class=\"elementor-element elementor-element-dbebe31 e-flex e-con-boxed e-con e-parent\" data-id=\"dbebe31\" data-element_type=\"container\">\n\t\t\t\t\t<div class=\"e-con-inner\">\n\t\t\t\t\t<\/div>\n\t\t\t\t<\/div>\n\t\t\t\t<\/div>\n\t\t","protected":false},"excerpt":{"rendered":"<p>Sobre Nuestra Panader\u00eda En 1979 en la localidad praviana de los Cabos, nace nuestra empresa. \u200bPese a empezar como una sociedad en la actualidad es una empresa privada dirigida por tres hermanos, Tamari, Hugo y Juan Luis , hijos de uno de los fundadores (Juan Luis Garc\u00eda Gonz\u00e1lez) siguiendo los pasos de su padre. \u200bContamos [&hellip;]<\/p>\n","protected":false},"author":1,"featured_media":0,"parent":0,"menu_order":0,"comment_status":"closed","ping_status":"closed","template":"","meta":{"footnotes":""},"class_list":["post-81","page","type-page","status-publish","hentry"],"_links":{"self":[{"href":"https:\/\/panaderialoscabos.com\/index.php\/wp-json\/wp\/v2\/pages\/81","targetHints":{"allow":["GET"]}}],"collection":[{"href":"https:\/\/panaderialoscabos.com\/index.php\/wp-json\/wp\/v2\/pages"}],"about":[{"href":"https:\/\/panaderialoscabos.com\/index.php\/wp-json\/wp\/v2\/types\/page"}],"author":[{"embeddable":true,"href":"https:\/\/panaderialoscabos.com\/index.php\/wp-json\/wp\/v2\/users\/1"}],"replies":[{"embeddable":true,"href":"https:\/\/panaderialoscabos.com\/index.php\/wp-json\/wp\/v2\/comments?post=81"}],"version-history":[{"count":4,"href":"https:\/\/panaderialoscabos.com\/index.php\/wp-json\/wp\/v2\/pages\/81\/revisions"}],"predecessor-version":[{"id":111,"href":"https:\/\/panaderialoscabos.com\/index.php\/wp-json\/wp\/v2\/pages\/81\/revisions\/111"}],"wp:attachment":[{"href":"https:\/\/panaderialoscabos.com\/index.php\/wp-json\/wp\/v2\/media?parent=81"}],"curies":[{"name":"wp","href":"https:\/\/api.w.org\/{rel}","templated":true}]}}